{"id":2,"date":"2022-09-23T12:02:34","date_gmt":"2022-09-23T12:02:34","guid":{"rendered":"https:\/\/consulting2008.cz\/?page_id=2"},"modified":"2022-10-25T21:52:12","modified_gmt":"2022-10-25T21:52:12","slug":"uvod","status":"publish","type":"page","link":"https:\/\/consulting2008.cz\/","title":{"rendered":"\u00daVOD"},"content":{"rendered":"[et_pb_section fb_built=&#8220;1&#8243; admin_label=&#8220;section&#8220; _builder_version=&#8220;4.18.0&#8243; background_image=&#8220;https:\/\/consulting2008.cz\/wp-content\/uploads\/2022\/10\/porta-bohemica.jpg&#8220; background_size=&#8220;initial&#8220; background_position=&#8220;top_center&#8220; global_colors_info=&#8220;{}&#8220;][et_pb_row column_structure=&#8220;1_3,1_3,1_3&#8243; use_custom_gutter=&#8220;on&#8220; make_equal=&#8220;on&#8220; admin_label=&#8220;row&#8220; _builder_version=&#8220;4.18.0&#8243; background_size=&#8220;initial&#8220; background_position=&#8220;top_left&#8220; background_repeat=&#8220;repeat&#8220; custom_margin=&#8220;86px||||false|false&#8220; global_colors_info=&#8220;{}&#8220;][et_pb_column type=&#8220;1_3&#8243; _builder_version=&#8220;4.16&#8243; custom_padding=&#8220;|||&#8220; global_colors_info=&#8220;{}&#8220; custom_padding__hover=&#8220;|||&#8220;][et_pb_text admin_label=&#8220;Text&#8220; _builder_version=&#8220;4.18.0&#8243; text_font=&#8220;|800|||||||&#8220; text_text_color=&#8220;#FFFFFF&#8220; text_font_size=&#8220;51px&#8220; text_line_height=&#8220;1em&#8220; background_color=&#8220;#17438c&#8220; background_size=&#8220;initial&#8220; background_position=&#8220;top_left&#8220; background_repeat=&#8220;repeat&#8220; min_height=&#8220;156px&#8220; custom_margin=&#8220;0px|0px|-41px|0px|false|false&#8220; custom_padding=&#8220;35px|35px|0px|35px|false|false&#8220; global_colors_info=&#8220;{}&#8220;]<p>Na\u0161e slu\u017eby detailn\u011b<\/p>\n<p><\/p>[\/et_pb_text][et_pb_image src=&#8220;https:\/\/consulting2008.cz\/wp-content\/uploads\/2022\/10\/detailni-info.png&#8220; title_text=&#8220;detailni-info&#8220; url=&#8220;https:\/\/consulting2008.cz\/?page_id=127&#8243; align=&#8220;right&#8220; _builder_version=&#8220;4.18.0&#8243; _module_preset=&#8220;default&#8220; min_height=&#8220;77px&#8220; custom_padding=&#8220;0px|18px|||false|false&#8220; global_colors_info=&#8220;{}&#8220;][\/et_pb_image][\/et_pb_column][et_pb_column type=&#8220;1_3&#8243; _builder_version=&#8220;4.16&#8243; custom_padding=&#8220;|||&#8220; global_colors_info=&#8220;{}&#8220; custom_padding__hover=&#8220;|||&#8220;][et_pb_text admin_label=&#8220;Text&#8220; _builder_version=&#8220;4.18.0&#8243; text_font=&#8220;|800|||||||&#8220; text_text_color=&#8220;#FFFFFF&#8220; text_font_size=&#8220;51px&#8220; text_line_height=&#8220;1em&#8220; background_color=&#8220;#23decb&#8220; background_size=&#8220;initial&#8220; background_position=&#8220;top_left&#8220; background_repeat=&#8220;repeat&#8220; min_height=&#8220;156px&#8220; custom_margin=&#8220;0px||-41px||false|false&#8220; custom_padding=&#8220;35px|35px||35px|false|false&#8220; locked=&#8220;off&#8220; global_colors_info=&#8220;{}&#8220;]<p>Pro\u010d pr\u00e1v\u011b na\u0161e slu\u017eby?<\/p>\n<p><!-- \/wp:post-content --><\/p>[\/et_pb_text][et_pb_image src=&#8220;https:\/\/consulting2008.cz\/wp-content\/uploads\/2022\/10\/maximalni-kvalifikace.png&#8220; title_text=&#8220;maximalni-kvalifikace&#8220; url=&#8220;https:\/\/consulting2008.cz\/?page_id=106&#8243; align=&#8220;right&#8220; _builder_version=&#8220;4.18.0&#8243; _module_preset=&#8220;default&#8220; min_height=&#8220;77px&#8220; custom_padding=&#8220;0px|18px|||false|false&#8220; hover_enabled=&#8220;0&#8243; locked=&#8220;off&#8220; global_colors_info=&#8220;{}&#8220; sticky_enabled=&#8220;0&#8243;][\/et_pb_image][\/et_pb_column][et_pb_column type=&#8220;1_3&#8243; _builder_version=&#8220;4.16&#8243; custom_padding=&#8220;|||&#8220; global_colors_info=&#8220;{}&#8220; custom_padding__hover=&#8220;|||&#8220;][et_pb_text admin_label=&#8220;Text&#8220; _builder_version=&#8220;4.18.0&#8243; text_font=&#8220;|800|||||||&#8220; text_text_color=&#8220;#FFFFFF&#8220; text_font_size=&#8220;51px&#8220; text_line_height=&#8220;1em&#8220; background_color=&#8220;#606663&#8243; background_size=&#8220;initial&#8220; background_position=&#8220;top_left&#8220; background_repeat=&#8220;repeat&#8220; min_height=&#8220;156px&#8220; custom_margin=&#8220;0px||-41px||false|false&#8220; custom_padding=&#8220;35px|35px||35px|false|false&#8220; locked=&#8220;off&#8220; global_colors_info=&#8220;{}&#8220;]<p>Prohl\u00e9dn\u011bte si reference.<\/p>\n<p><!-- \/wp:paragraph --><\/p>[\/et_pb_text][et_pb_image src=&#8220;https:\/\/consulting2008.cz\/wp-content\/uploads\/2022\/10\/pro-koho.png&#8220; title_text=&#8220;pro-koho&#8220; url=&#8220;https:\/\/consulting2008.cz\/?page_id=131&#8243; align=&#8220;right&#8220; _builder_version=&#8220;4.18.0&#8243; _module_preset=&#8220;default&#8220; min_height=&#8220;77px&#8220; custom_padding=&#8220;0px|18px|||false|false&#8220; locked=&#8220;off&#8220; global_colors_info=&#8220;{}&#8220;][\/et_pb_image][\/et_pb_column][\/et_pb_row][et_pb_row _builder_version=&#8220;4.18.0&#8243; _module_preset=&#8220;default&#8220; global_colors_info=&#8220;{}&#8220;][et_pb_column type=&#8220;4_4&#8243; _builder_version=&#8220;4.18.0&#8243; _module_preset=&#8220;default&#8220; global_colors_info=&#8220;{}&#8220;][et_pb_text _builder_version=&#8220;4.18.0&#8243; _module_preset=&#8220;default&#8220; text_font=&#8220;||||||||&#8220; text_text_color=&#8220;#666666&#8243; header_2_font=&#8220;|300|||||||&#8220; header_2_text_color=&#8220;#666666&#8243; header_2_font_size=&#8220;51px&#8220; header_2_line_height=&#8220;1.6em&#8220; text_orientation=&#8220;center&#8220; hover_enabled=&#8220;0&#8243; global_colors_info=&#8220;{}&#8220; sticky_enabled=&#8220;0&#8243;]<h2>Poradenstv\u00ed, \u0159\u00edzen\u00ed projekt\u016f, controlling.<\/h2>\n<p>Na\u0161\u00ed specializac\u00ed je procesn\u00ed \u0159\u00edzen\u00ed, controlling, evidence a inventarizace majetku, \u0159\u00edzen\u00ed investi\u010dn\u00edch projekt\u016f, poradenstv\u00ed s hospoda\u0159en\u00edm obc\u00ed a m\u011bst a poradenstv\u00ed v oblasti dotac\u00ed. Pracujeme pro \u0161irok\u00e9 portfolio klient\u016f zejm\u00e9na z oblasti m\u00edstn\u00ed samospr\u00e1vy, ale i st\u00e1tn\u00ed spr\u00e1vy a soukrom\u00e9ho sektoru. D\u00edky zefektivn\u011bn\u00ed proces\u016f dok\u00e1\u017eeme sn\u00ed\u017eit n\u00e1klady, nal\u00e9zt dal\u0161\u00ed zdroje financov\u00e1n\u00ed a otev\u0159\u00edt tak nov\u00e9 mo\u017enosti rozvoje.<\/p>[\/et_pb_text][\/et_pb_column][\/et_pb_row][\/et_pb_section][et_pb_section fb_built=&#8220;1&#8243; _builder_version=&#8220;4.18.0&#8243; _module_preset=&#8220;default&#8220; background_image=&#8220;https:\/\/consulting2008.cz\/wp-content\/uploads\/2022\/10\/jablka.jpg&#8220; custom_padding=&#8220;8px|||||&#8220; global_colors_info=&#8220;{}&#8220;][et_pb_row _builder_version=&#8220;4.18.0&#8243; _module_preset=&#8220;default&#8220; global_colors_info=&#8220;{}&#8220;][et_pb_column type=&#8220;4_4&#8243; _builder_version=&#8220;4.18.0&#8243; _module_preset=&#8220;default&#8220; global_colors_info=&#8220;{}&#8220;][et_pb_text _builder_version=&#8220;4.18.0&#8243; _module_preset=&#8220;default&#8220; header_2_font=&#8220;|300|||||||&#8220; header_2_text_align=&#8220;center&#8220; header_2_text_color=&#8220;#FFFFFF&#8220; header_2_font_size=&#8220;51px&#8220; header_2_line_height=&#8220;1.4em&#8220; global_colors_info=&#8220;{}&#8220;]<h2>Na\u0161e pr\u00e1ce m\u00e1 v\u00fdsledky!<\/h2>[\/et_pb_text][\/et_pb_column][\/et_pb_row][et_pb_row column_structure=&#8220;1_2,1_2&#8243; _builder_version=&#8220;4.18.0&#8243; _module_preset=&#8220;default&#8220; locked=&#8220;off&#8220; global_colors_info=&#8220;{}&#8220;][et_pb_column type=&#8220;1_2&#8243; _builder_version=&#8220;4.18.0&#8243; _module_preset=&#8220;default&#8220; global_colors_info=&#8220;{}&#8220;][\/et_pb_column][et_pb_column type=&#8220;1_2&#8243; _builder_version=&#8220;4.18.0&#8243; _module_preset=&#8220;default&#8220; global_colors_info=&#8220;{}&#8220;][et_pb_text _builder_version=&#8220;4.18.0&#8243; _module_preset=&#8220;default&#8220; text_text_color=&#8220;#FFFFFF&#8220; hover_enabled=&#8220;0&#8243; global_colors_info=&#8220;{}&#8220; sticky_enabled=&#8220;0&#8243;]<p>A\u0165 ji\u017e je Va\u0161\u00edm c\u00edlem cokoliv, my V\u00e1m pom\u016f\u017eeme z\u00edskat na jeho realizaci pot\u0159ebn\u00e9 prost\u0159edky. D\u00edky spr\u00e1vn\u011b veden\u00e9 administrativ\u011b zamezujeme zbyte\u010dn\u00fdm ztr\u00e1t\u00e1m. P\u0159in\u00e1\u0161\u00edme \u00faspory d\u00edky optimalizaci n\u00e1klad\u016f a pom\u00e1h\u00e1me z\u00edskat dotace. V\u00fdsledkem na\u0161eho sna\u017een\u00ed jsou konkr\u00e9tn\u00ed \u00fasp\u011b\u0161n\u00e9 projekty.<\/p>\n<p><img loading=\"lazy\" decoding=\"async\" src=\"https:\/\/consulting2008.cz\/wp-content\/uploads\/2022\/10\/vase-poptavka.png\" width=\"268\" height=\"91\" alt=\"\" class=\"wp-image-94 alignnone size-full\" \/><\/p>[\/et_pb_text][\/et_pb_column][\/et_pb_row][\/et_pb_section]<!-- \/wp:freeform -->","protected":false},"excerpt":{"rendered":"<p>Na\u0161e slu\u017eby detailn\u011b Pro\u010d pr\u00e1v\u011b na\u0161e slu\u017eby? Prohl\u00e9dn\u011bte si reference. Poradenstv\u00ed, \u0159\u00edzen\u00ed projekt\u016f, controlling. Na\u0161\u00ed specializac\u00ed je procesn\u00ed \u0159\u00edzen\u00ed, controlling, evidence a inventarizace majetku, \u0159\u00edzen\u00ed investi\u010dn\u00edch projekt\u016f, poradenstv\u00ed s hospoda\u0159en\u00edm obc\u00ed a m\u011bst a poradenstv\u00ed v oblasti dotac\u00ed. Pracujeme pro \u0161irok\u00e9 portfolio klient\u016f zejm\u00e9na z oblasti m\u00edstn\u00ed samospr\u00e1vy, ale i st\u00e1tn\u00ed spr\u00e1vy a soukrom\u00e9ho sektoru. [&hellip;]<\/p>\n","protected":false},"author":1,"featured_media":0,"parent":0,"menu_order":0,"comment_status":"closed","ping_status":"closed","template":"","meta":{"_et_pb_use_builder":"on","_et_pb_old_content":"<!-- wp:paragraph -->\n<p>This is an example page. It's different from a blog post because it will stay in one place and will show up in your site navigation (in most themes). Most people start with an About page that introduces them to potential site visitors. It might say something like this:<\/p>\n<!-- \/wp:paragraph -->\n\n<!-- wp:quote -->\n<blockquote class=\"wp-block-quote\"><p>Hi there! I'm a bike messenger by day, aspiring actor by night, and this is my website. I live in Los Angeles, have a great dog named Jack, and I like pi&#241;a coladas. (And gettin' caught in the rain.)<\/p><\/blockquote>\n<!-- \/wp:quote -->\n\n<!-- wp:paragraph -->\n<p>...or something like this:<\/p>\n<!-- \/wp:paragraph -->\n\n<!-- wp:quote -->\n<blockquote class=\"wp-block-quote\"><p>The XYZ Doohickey Company was founded in 1971, and has been providing quality doohickeys to the public ever since. Located in Gotham City, XYZ employs over 2,000 people and does all kinds of awesome things for the Gotham community.<\/p><\/blockquote>\n<!-- \/wp:quote -->\n\n<!-- wp:paragraph -->\n<p>As a new WordPress user, you should go to <a href=\"https:\/\/consulting2008.cz\/wp-admin\/\">your dashboard<\/a> to delete this page and create new pages for your content. Have fun!<\/p>\n<!-- \/wp:paragraph -->","_et_gb_content_width":"","footnotes":""},"class_list":["post-2","page","type-page","status-publish","hentry"],"_links":{"self":[{"href":"https:\/\/consulting2008.cz\/index.php?rest_route=\/wp\/v2\/pages\/2","targetHints":{"allow":["GET"]}}],"collection":[{"href":"https:\/\/consulting2008.cz\/index.php?rest_route=\/wp\/v2\/pages"}],"about":[{"href":"https:\/\/consulting2008.cz\/index.php?rest_route=\/wp\/v2\/types\/page"}],"author":[{"embeddable":true,"href":"https:\/\/consulting2008.cz\/index.php?rest_route=\/wp\/v2\/users\/1"}],"replies":[{"embeddable":true,"href":"https:\/\/consulting2008.cz\/index.php?rest_route=%2Fwp%2Fv2%2Fcomments&post=2"}],"version-history":[{"count":43,"href":"https:\/\/consulting2008.cz\/index.php?rest_route=\/wp\/v2\/pages\/2\/revisions"}],"predecessor-version":[{"id":280,"href":"https:\/\/consulting2008.cz\/index.php?rest_route=\/wp\/v2\/pages\/2\/revisions\/280"}],"wp:attachment":[{"href":"https:\/\/consulting2008.cz\/index.php?rest_route=%2Fwp%2Fv2%2Fmedia&parent=2"}],"curies":[{"name":"wp","href":"https:\/\/api.w.org\/{rel}","templated":true}]}}