{"id":131,"date":"2022-10-25T09:06:02","date_gmt":"2022-10-25T09:06:02","guid":{"rendered":"https:\/\/consulting2008.cz\/?page_id=131"},"modified":"2022-10-25T19:56:53","modified_gmt":"2022-10-25T19:56:53","slug":"reference","status":"publish","type":"page","link":"https:\/\/consulting2008.cz\/?page_id=131","title":{"rendered":"REFERENCE"},"content":{"rendered":"[et_pb_section fb_built=&#8220;1&#8243; admin_label=&#8220;section&#8220; _builder_version=&#8220;4.18.0&#8243; background_image=&#8220;https:\/\/consulting2008.cz\/wp-content\/uploads\/2022\/10\/porta-bohemica-mensi.jpg&#8220; background_size=&#8220;initial&#8220; background_position=&#8220;top_center&#8220; global_colors_info=&#8220;{}&#8220;][et_pb_row column_structure=&#8220;1_3,1_3,1_3&#8243; use_custom_gutter=&#8220;on&#8220; make_equal=&#8220;on&#8220; admin_label=&#8220;row&#8220; _builder_version=&#8220;4.18.0&#8243; background_size=&#8220;initial&#8220; background_position=&#8220;top_left&#8220; background_repeat=&#8220;repeat&#8220; custom_margin=&#8220;-34px|auto||auto|false|false&#8220; global_colors_info=&#8220;{}&#8220;][et_pb_column type=&#8220;1_3&#8243; _builder_version=&#8220;4.16&#8243; custom_padding=&#8220;|||&#8220; global_colors_info=&#8220;{}&#8220; custom_padding__hover=&#8220;|||&#8220;][et_pb_text admin_label=&#8220;Text&#8220; _builder_version=&#8220;4.18.0&#8243; text_font=&#8220;|800|||||||&#8220; text_text_color=&#8220;#FFFFFF&#8220; text_font_size=&#8220;26px&#8220; text_line_height=&#8220;1em&#8220; background_color=&#8220;#17438c&#8220; background_size=&#8220;initial&#8220; background_position=&#8220;top_left&#8220; background_repeat=&#8220;repeat&#8220; text_orientation=&#8220;center&#8220; custom_margin=&#8220;0px|0px|0px|0px|false|false&#8220; custom_padding=&#8220;30px|20px|15px|20px|false|false&#8220; hover_enabled=&#8220;0&#8243; global_colors_info=&#8220;{}&#8220; link_option_url=&#8220;https:\/\/consulting2008.cz\/?page_id=127&#8243; sticky_enabled=&#8220;0&#8243;]<p>\u00a0Na\u0161e slu\u017eby detailn\u011b<\/p>\n<p><\/p>[\/et_pb_text][\/et_pb_column][et_pb_column type=&#8220;1_3&#8243; _builder_version=&#8220;4.16&#8243; custom_padding=&#8220;|||&#8220; global_colors_info=&#8220;{}&#8220; custom_padding__hover=&#8220;|||&#8220;][et_pb_text admin_label=&#8220;Text&#8220; _builder_version=&#8220;4.18.0&#8243; text_font=&#8220;|800|||||||&#8220; text_text_color=&#8220;#FFFFFF&#8220; text_font_size=&#8220;26px&#8220; text_line_height=&#8220;1em&#8220; background_color=&#8220;#23decb&#8220; background_size=&#8220;initial&#8220; background_position=&#8220;top_left&#8220; background_repeat=&#8220;repeat&#8220; text_orientation=&#8220;center&#8220; custom_margin=&#8220;0px|0px|0px|0px|false|false&#8220; custom_padding=&#8220;30px|20px|15px|20px|false|false&#8220; hover_enabled=&#8220;0&#8243; locked=&#8220;off&#8220; global_colors_info=&#8220;{}&#8220; link_option_url=&#8220;https:\/\/consulting2008.cz\/?page_id=106&#8243; sticky_enabled=&#8220;0&#8243;]<p>Pro\u010d pr\u00e1v\u011b na\u0161e slu\u017eby?<\/p>\n<p><!-- \/wp:post-content --><\/p>[\/et_pb_text][\/et_pb_column][et_pb_column type=&#8220;1_3&#8243; _builder_version=&#8220;4.16&#8243; custom_padding=&#8220;|||&#8220; global_colors_info=&#8220;{}&#8220; custom_padding__hover=&#8220;|||&#8220;][et_pb_text admin_label=&#8220;Text&#8220; _builder_version=&#8220;4.18.0&#8243; text_font=&#8220;|800|||||||&#8220; text_text_color=&#8220;#FFFFFF&#8220; text_font_size=&#8220;26px&#8220; text_line_height=&#8220;1em&#8220; background_color=&#8220;#606663&#8243; background_size=&#8220;initial&#8220; background_position=&#8220;top_left&#8220; background_repeat=&#8220;repeat&#8220; text_orientation=&#8220;center&#8220; custom_margin=&#8220;0px|0px|0px|0px|false|false&#8220; custom_padding=&#8220;30px|20px|15px|20px|false|false&#8220; locked=&#8220;off&#8220; global_colors_info=&#8220;{}&#8220;]<p>Prohl\u00e9dn\u011bte si reference.<\/p>\n<p><!-- \/wp:paragraph --><\/p>[\/et_pb_text][\/et_pb_column][\/et_pb_row][et_pb_row _builder_version=&#8220;4.18.0&#8243; _module_preset=&#8220;default&#8220; global_colors_info=&#8220;{}&#8220; custom_padding=&#8220;45px|||||&#8220;][et_pb_column type=&#8220;4_4&#8243; _builder_version=&#8220;4.18.0&#8243; _module_preset=&#8220;default&#8220; global_colors_info=&#8220;{}&#8220;][et_pb_text _builder_version=&#8220;4.18.0&#8243; _module_preset=&#8220;default&#8220; text_font=&#8220;||||||||&#8220; text_text_color=&#8220;#666666&#8243; header_2_font=&#8220;|300|||||||&#8220; header_2_text_color=&#8220;#666666&#8243; header_2_font_size=&#8220;51px&#8220; header_2_line_height=&#8220;1.6em&#8220; text_orientation=&#8220;center&#8220; min_height=&#8220;133px&#8220; hover_enabled=&#8220;0&#8243; global_colors_info=&#8220;{}&#8220; sticky_enabled=&#8220;0&#8243;]<h2>Reference<\/h2>[\/et_pb_text][\/et_pb_column][\/et_pb_row][et_pb_row _builder_version=&#8220;4.18.0&#8243; _module_preset=&#8220;default&#8220; hover_enabled=&#8220;0&#8243; global_colors_info=&#8220;{}&#8220; column_structure=&#8220;1_4,1_4,1_4,1_4&#8243; locked=&#8220;off&#8220; sticky_enabled=&#8220;0&#8243; min_height=&#8220;99.8px&#8220; custom_margin=&#8220;-30px||||false|false&#8220;][et_pb_column type=&#8220;1_4&#8243; _builder_version=&#8220;4.18.0&#8243; _module_preset=&#8220;default&#8220; global_colors_info=&#8220;{}&#8220;][et_pb_image src=&#8220;https:\/\/consulting2008.cz\/wp-content\/uploads\/2022\/10\/ceska-narodni-logo.jpg&#8220; _builder_version=&#8220;4.18.0&#8243; _module_preset=&#8220;default&#8220; alt=&#8220;\u010cesk\u00e1 N\u00e1rodn\u00ed Banka&#8220; title_text=&#8220;ceska-narodni-logo&#8220; hover_enabled=&#8220;0&#8243; sticky_enabled=&#8220;0&#8243; width=&#8220;70%&#8220; align=&#8220;center&#8220;][\/et_pb_image][\/et_pb_column][et_pb_column type=&#8220;1_4&#8243; _builder_version=&#8220;4.18.0&#8243; _module_preset=&#8220;default&#8220; global_colors_info=&#8220;{}&#8220;][et_pb_image src=&#8220;https:\/\/consulting2008.cz\/wp-content\/uploads\/2022\/10\/uraz-vlady-logo.jpg&#8220; _builder_version=&#8220;4.18.0&#8243; _module_preset=&#8220;default&#8220; alt=&#8220;\u00da\u0159ad vl\u00e1dy \u010cR&#8220; title_text=&#8220;uraz-vlady-logo&#8220; hover_enabled=&#8220;0&#8243; sticky_enabled=&#8220;0&#8243; width=&#8220;70%&#8220; align=&#8220;center&#8220;][\/et_pb_image][\/et_pb_column][et_pb_column type=&#8220;1_4&#8243; _builder_version=&#8220;4.18.0&#8243; _module_preset=&#8220;default&#8220; global_colors_info=&#8220;{}&#8220;][et_pb_image src=&#8220;https:\/\/consulting2008.cz\/wp-content\/uploads\/2022\/10\/ministerstvo-logo.jpg&#8220; _builder_version=&#8220;4.18.0&#8243; _module_preset=&#8220;default&#8220; alt=&#8220;Ministerstvo dopravy \u010cR&#8220; title_text=&#8220;ministerstvo-logo&#8220; hover_enabled=&#8220;0&#8243; sticky_enabled=&#8220;0&#8243; width=&#8220;70%&#8220; align=&#8220;center&#8220;][\/et_pb_image][\/et_pb_column][et_pb_column type=&#8220;1_4&#8243; _builder_version=&#8220;4.18.0&#8243; _module_preset=&#8220;default&#8220; global_colors_info=&#8220;{}&#8220;][et_pb_image src=&#8220;https:\/\/consulting2008.cz\/wp-content\/uploads\/2022\/10\/grantova-agentura-logo.jpg&#8220; _builder_version=&#8220;4.18.0&#8243; _module_preset=&#8220;default&#8220; alt=&#8220;Grantov\u00e1 agentura \u010cesk\u00e9 Republiky&#8220; title_text=&#8220;grantova-agentura-logo&#8220; hover_enabled=&#8220;0&#8243; sticky_enabled=&#8220;0&#8243; width=&#8220;70%&#8220; align=&#8220;center&#8220;][\/et_pb_image][\/et_pb_column][\/et_pb_row][et_pb_row _builder_version=&#8220;4.18.0&#8243; _module_preset=&#8220;default&#8220; global_colors_info=&#8220;{}&#8220; locked=&#8220;off&#8220;][et_pb_column type=&#8220;4_4&#8243; _builder_version=&#8220;4.18.0&#8243; _module_preset=&#8220;default&#8220; global_colors_info=&#8220;{}&#8220;][et_pb_text _builder_version=&#8220;4.18.0&#8243; _module_preset=&#8220;default&#8220; text_font=&#8220;||||||||&#8220; text_text_color=&#8220;#666666&#8243; header_2_font=&#8220;|300|||||||&#8220; header_2_text_color=&#8220;#666666&#8243; header_2_font_size=&#8220;51px&#8220; header_2_line_height=&#8220;1.6em&#8220; text_orientation=&#8220;center&#8220; min_height=&#8220;133px&#8220; hover_enabled=&#8220;0&#8243; global_colors_info=&#8220;{}&#8220; sticky_enabled=&#8220;0&#8243; custom_padding=&#8220;8px||0px|||&#8220;]<p>M\u011bsto Lovosice<\/p>\n<p>M\u011bstys Brozany nad Oh\u0159\u00ed<\/p>\n<p>Obec Lukavec<\/p>\n<p>Obec Sulejovice<\/p>\n<p>M\u011bsto Litom\u011b\u0159ice<\/p>\n<p>M\u011bsto Roudnice nad Labem<\/p>\n<p>Krajsk\u00fd \u00fa\u0159ad \u00dasteck\u00e9ho kraje<\/p>\n<p>&#8230;<\/p>[\/et_pb_text][\/et_pb_column][\/et_pb_row][\/et_pb_section][et_pb_section fb_built=&#8220;1&#8243; _builder_version=&#8220;4.18.0&#8243; _module_preset=&#8220;default&#8220; background_image=&#8220;https:\/\/consulting2008.cz\/wp-content\/uploads\/2022\/10\/koniklec-1.jpg&#8220; custom_padding=&#8220;8px|||||&#8220; hover_enabled=&#8220;0&#8243; global_colors_info=&#8220;{}&#8220; title_text=&#8220;koniklec&#8220; sticky_enabled=&#8220;0&#8243;][et_pb_row _builder_version=&#8220;4.18.0&#8243; _module_preset=&#8220;default&#8220; global_colors_info=&#8220;{}&#8220;][et_pb_column type=&#8220;4_4&#8243; _builder_version=&#8220;4.18.0&#8243; _module_preset=&#8220;default&#8220; global_colors_info=&#8220;{}&#8220;][et_pb_text _builder_version=&#8220;4.18.0&#8243; _module_preset=&#8220;default&#8220; header_2_font=&#8220;|300|||||||&#8220; header_2_text_align=&#8220;center&#8220; header_2_text_color=&#8220;#FFFFFF&#8220; header_2_font_size=&#8220;51px&#8220; header_2_line_height=&#8220;1.4em&#8220; hover_enabled=&#8220;0&#8243; global_colors_info=&#8220;{}&#8220; sticky_enabled=&#8220;0&#8243;]<h2>Pom\u00e1h\u00e1me vytv\u00e1\u0159et budoucnost.<\/h2>[\/et_pb_text][\/et_pb_column][\/et_pb_row][et_pb_row column_structure=&#8220;1_2,1_2&#8243; _builder_version=&#8220;4.18.0&#8243; _module_preset=&#8220;default&#8220; locked=&#8220;off&#8220; global_colors_info=&#8220;{}&#8220;][et_pb_column type=&#8220;1_2&#8243; _builder_version=&#8220;4.18.0&#8243; _module_preset=&#8220;default&#8220; global_colors_info=&#8220;{}&#8220;][\/et_pb_column][et_pb_column type=&#8220;1_2&#8243; _builder_version=&#8220;4.18.0&#8243; _module_preset=&#8220;default&#8220; global_colors_info=&#8220;{}&#8220;][et_pb_text _builder_version=&#8220;4.18.0&#8243; _module_preset=&#8220;default&#8220; text_text_color=&#8220;#FFFFFF&#8220; hover_enabled=&#8220;0&#8243; global_colors_info=&#8220;{}&#8220; sticky_enabled=&#8220;0&#8243;]<p>Ji\u017e mnoha m\u011bst\u016fm a obc\u00edm jsme pomohli se z\u00edsk\u00e1n\u00edm dotac\u00ed a realizac\u00ed investic, kter\u00e9 ka\u017ed\u00fd den zlep\u0161uj\u00ed \u017eivot jejich ob\u010dan\u016f.<\/p>\n<p><a href=\"https:\/\/consulting2008.cz\/?page_id=135\"><img loading=\"lazy\" decoding=\"async\" src=\"https:\/\/consulting2008.cz\/wp-content\/uploads\/2022\/10\/vase-poptavka.png\" width=\"268\" height=\"91\" alt=\"\" class=\"wp-image-94 alignnone size-full\" \/><\/a><\/p>[\/et_pb_text][\/et_pb_column][\/et_pb_row][\/et_pb_section]<!-- \/wp:freeform -->","protected":false},"excerpt":{"rendered":"<p>\u00a0Na\u0161e slu\u017eby detailn\u011b Pro\u010d pr\u00e1v\u011b na\u0161e slu\u017eby? Prohl\u00e9dn\u011bte si reference. ReferenceM\u011bsto Lovosice M\u011bstys Brozany nad Oh\u0159\u00ed Obec Lukavec Obec Sulejovice M\u011bsto Litom\u011b\u0159ice M\u011bsto Roudnice nad Labem Krajsk\u00fd \u00fa\u0159ad \u00dasteck\u00e9ho kraje &#8230;Pom\u00e1h\u00e1me vytv\u00e1\u0159et budoucnost.Ji\u017e mnoha m\u011bst\u016fm a obc\u00edm jsme pomohli se z\u00edsk\u00e1n\u00edm dotac\u00ed a realizac\u00ed investic, kter\u00e9 ka\u017ed\u00fd den zlep\u0161uj\u00ed \u017eivot jejich ob\u010dan\u016f.<\/p>\n","protected":false},"author":1,"featured_media":0,"parent":0,"menu_order":0,"comment_status":"closed","ping_status":"closed","template":"","meta":{"_et_pb_use_builder":"on","_et_pb_old_content":"","_et_gb_content_width":"","footnotes":""},"class_list":["post-131","page","type-page","status-publish","hentry"],"_links":{"self":[{"href":"https:\/\/consulting2008.cz\/index.php?rest_route=\/wp\/v2\/pages\/131","targetHints":{"allow":["GET"]}}],"collection":[{"href":"https:\/\/consulting2008.cz\/index.php?rest_route=\/wp\/v2\/pages"}],"about":[{"href":"https:\/\/consulting2008.cz\/index.php?rest_route=\/wp\/v2\/types\/page"}],"author":[{"embeddable":true,"href":"https:\/\/consulting2008.cz\/index.php?rest_route=\/wp\/v2\/users\/1"}],"replies":[{"embeddable":true,"href":"https:\/\/consulting2008.cz\/index.php?rest_route=%2Fwp%2Fv2%2Fcomments&post=131"}],"version-history":[{"count":22,"href":"https:\/\/consulting2008.cz\/index.php?rest_route=\/wp\/v2\/pages\/131\/revisions"}],"predecessor-version":[{"id":229,"href":"https:\/\/consulting2008.cz\/index.php?rest_route=\/wp\/v2\/pages\/131\/revisions\/229"}],"wp:attachment":[{"href":"https:\/\/consulting2008.cz\/index.php?rest_route=%2Fwp%2Fv2%2Fmedia&parent=131"}],"curies":[{"name":"wp","href":"https:\/\/api.w.org\/{rel}","templated":true}]}}