{"id":127,"date":"2022-10-25T09:05:01","date_gmt":"2022-10-25T09:05:01","guid":{"rendered":"https:\/\/consulting2008.cz\/?page_id=127"},"modified":"2022-10-25T20:25:17","modified_gmt":"2022-10-25T20:25:17","slug":"sluzby","status":"publish","type":"page","link":"https:\/\/consulting2008.cz\/?page_id=127","title":{"rendered":"SLU\u017dBY"},"content":{"rendered":"[et_pb_section fb_built=&#8220;1&#8243; admin_label=&#8220;section&#8220; _builder_version=&#8220;4.18.0&#8243; background_image=&#8220;https:\/\/consulting2008.cz\/wp-content\/uploads\/2022\/10\/porta-bohemica-mensi.jpg&#8220; background_size=&#8220;initial&#8220; background_position=&#8220;top_center&#8220; global_colors_info=&#8220;{}&#8220;][et_pb_row column_structure=&#8220;1_3,1_3,1_3&#8243; use_custom_gutter=&#8220;on&#8220; make_equal=&#8220;on&#8220; admin_label=&#8220;row&#8220; _builder_version=&#8220;4.18.0&#8243; background_size=&#8220;initial&#8220; background_position=&#8220;top_left&#8220; background_repeat=&#8220;repeat&#8220; custom_margin=&#8220;-34px|auto||auto|false|false&#8220; global_colors_info=&#8220;{}&#8220;][et_pb_column type=&#8220;1_3&#8243; _builder_version=&#8220;4.16&#8243; custom_padding=&#8220;|||&#8220; global_colors_info=&#8220;{}&#8220; custom_padding__hover=&#8220;|||&#8220;][et_pb_text admin_label=&#8220;Text&#8220; _builder_version=&#8220;4.18.0&#8243; text_font=&#8220;|800|||||||&#8220; text_text_color=&#8220;#FFFFFF&#8220; text_font_size=&#8220;26px&#8220; text_line_height=&#8220;1em&#8220; background_color=&#8220;#17438c&#8220; background_size=&#8220;initial&#8220; background_position=&#8220;top_left&#8220; background_repeat=&#8220;repeat&#8220; text_orientation=&#8220;center&#8220; custom_margin=&#8220;0px|0px|0px|0px|false|false&#8220; custom_padding=&#8220;30px|20px|15px|20px|false|false&#8220; global_colors_info=&#8220;{}&#8220;]<p>\u00a0Na\u0161e slu\u017eby detailn\u011b<\/p>\n<p><\/p>[\/et_pb_text][\/et_pb_column][et_pb_column type=&#8220;1_3&#8243; _builder_version=&#8220;4.16&#8243; custom_padding=&#8220;|||&#8220; global_colors_info=&#8220;{}&#8220; custom_padding__hover=&#8220;|||&#8220;][et_pb_text admin_label=&#8220;Text&#8220; _builder_version=&#8220;4.18.0&#8243; text_font=&#8220;|800|||||||&#8220; text_text_color=&#8220;#FFFFFF&#8220; text_font_size=&#8220;26px&#8220; text_line_height=&#8220;1em&#8220; background_color=&#8220;#23decb&#8220; background_size=&#8220;initial&#8220; background_position=&#8220;top_left&#8220; background_repeat=&#8220;repeat&#8220; text_orientation=&#8220;center&#8220; custom_margin=&#8220;0px|0px|0px|0px|false|false&#8220; custom_padding=&#8220;30px|20px|15px|20px|false|false&#8220; hover_enabled=&#8220;0&#8243; locked=&#8220;off&#8220; global_colors_info=&#8220;{}&#8220; link_option_url=&#8220;https:\/\/consulting2008.cz\/?page_id=106&#8243; sticky_enabled=&#8220;0&#8243;]<p>Pro\u010d pr\u00e1v\u011b na\u0161e slu\u017eby?<\/p>\n<p><!-- \/wp:post-content --><\/p>[\/et_pb_text][\/et_pb_column][et_pb_column type=&#8220;1_3&#8243; _builder_version=&#8220;4.16&#8243; custom_padding=&#8220;|||&#8220; global_colors_info=&#8220;{}&#8220; custom_padding__hover=&#8220;|||&#8220;][et_pb_text admin_label=&#8220;Text&#8220; _builder_version=&#8220;4.18.0&#8243; text_font=&#8220;|800|||||||&#8220; text_text_color=&#8220;#FFFFFF&#8220; text_font_size=&#8220;26px&#8220; text_line_height=&#8220;1em&#8220; background_color=&#8220;#606663&#8243; background_size=&#8220;initial&#8220; background_position=&#8220;top_left&#8220; background_repeat=&#8220;repeat&#8220; text_orientation=&#8220;center&#8220; custom_margin=&#8220;0px|0px|0px|0px|false|false&#8220; custom_padding=&#8220;30px|20px|15px|20px|false|false&#8220; hover_enabled=&#8220;0&#8243; locked=&#8220;off&#8220; global_colors_info=&#8220;{}&#8220; link_option_url=&#8220;https:\/\/consulting2008.cz\/?page_id=131&#8243; sticky_enabled=&#8220;0&#8243;]<p>Prohl\u00e9dn\u011bte si reference.<\/p>\n<p><!-- \/wp:paragraph --><\/p>[\/et_pb_text][\/et_pb_column][\/et_pb_row][et_pb_row _builder_version=&#8220;4.18.0&#8243; _module_preset=&#8220;default&#8220; global_colors_info=&#8220;{}&#8220;][et_pb_column type=&#8220;4_4&#8243; _builder_version=&#8220;4.18.0&#8243; _module_preset=&#8220;default&#8220; global_colors_info=&#8220;{}&#8220;][et_pb_text _builder_version=&#8220;4.18.0&#8243; _module_preset=&#8220;default&#8220; text_font=&#8220;||||||||&#8220; text_text_color=&#8220;#666666&#8243; header_2_font=&#8220;|300|||||||&#8220; header_2_text_color=&#8220;#666666&#8243; header_2_font_size=&#8220;51px&#8220; header_2_line_height=&#8220;1.6em&#8220; min_height=&#8220;133px&#8220; hover_enabled=&#8220;0&#8243; global_colors_info=&#8220;{}&#8220; sticky_enabled=&#8220;0&#8243; header_3_text_color=&#8220;#23decb&#8220; header_3_text_align=&#8220;center&#8220; header_3_font_size=&#8220;51px&#8220; header_3_font=&#8220;|300|||||||&#8220; header_3_line_height=&#8220;1.7em&#8220; custom_padding=&#8220;||0px|||&#8220;]<h2 style=\"text-align: center;\">Slu\u017eby<\/h2>\n<h3>Procesn\u00ed \u0159\u00edzen\u00ed<\/h3>\n<p>Spole\u010dnost je orientovan\u00e1 na \u0159\u00edzen\u00ed jednotliv\u00fdch projekt\u016f organizace. \u00a0C\u00edlem je efektivn\u011b \u0159\u00eddit \u010dinnosti organizace \u010di jednotliv\u00fdch projekt\u016f. C\u00edlem je p\u0159edev\u0161\u00edm sni\u017eovat n\u00e1klady organizace, eliminovat p\u0159\u00edpadn\u00e1 rizika a hledat nov\u00e9 p\u0159\u00edle\u017eitosti.<\/p>\n<p><strong>Postupy realizace<\/strong><\/p>\n<ul>\n<li>Anal\u00fdza organizace za \u00fa\u010delem zji\u0161t\u011bn\u00ed \u010dinnost\u00ed a chodu organizace,<\/li>\n<li>Management procesn\u00edho \u0159\u00edzen\u00ed organizace,<\/li>\n<li>N\u00e1vrh a p\u0159\u00edprava procesn\u00edch, organiza\u010dn\u00edch a person\u00e1ln\u00edch zm\u011bn, kter\u00e9 je nutn\u00e9 prov\u00e9st extern\u00edmi dodavateli slu\u017eeb, v\u010detn\u011b managementu a koordinace takov\u00fdch slu\u017eeb,<\/li>\n<li>Zpracov\u00e1n\u00ed procesn\u00edho diagramu sou\u010dasn\u00e9ho a optim\u00e1ln\u00edho, v\u010detn\u011b n\u00e1vrhu budouc\u00edch procesn\u00edch a person\u00e1ln\u00edch opat\u0159en\u00ed vedouc\u00edch k optimalizaci proces\u016f,<\/li>\n<li>Implementace nov\u00fdch proces\u016f do chodu organizace, jejich pr\u016fb\u011b\u017en\u00e1 a n\u00e1sledn\u00e1 kontrola.<\/li>\n<\/ul>\n<h3>Controlling<\/h3>\n<p>Spole\u010dnost se specializuje na sni\u017eov\u00e1n\u00ed n\u00e1klad\u016f na stran\u011b z\u00e1kazn\u00edka. C\u00edlem je zabr\u00e1nit zbyte\u010dn\u00fdm v\u00fddaj\u016fm v\u00a0organizaci, identifikovat p\u0159\u00edpadn\u00e9 ztr\u00e1ty, p\u0159ipravit klienta na jedn\u00e1n\u00ed o sni\u017eov\u00e1n\u00ed n\u00e1klad\u016f.<\/p>\n<p>Jsme schopni prov\u00e1d\u011bt kontrolu n\u00e1klad\u016f v\u00a0r\u016fzn\u00fdch \u010dinnostech organizace v\u010detn\u011b financov\u00e1n\u00ed z\u00a0evropsk\u00fdch fond\u016f.<\/p>\n<h3>Evidence a inventarizace majetku<\/h3>\n<p>Spole\u010dnost se zab\u00fdv\u00e1 poradenstv\u00edm a zpracov\u00e1n\u00ed evidence a inventarizac\u00ed majetku organizace. Jsme n\u00e1pomocni p\u0159i t\u011bchto \u010dinnostech souvisej\u00edc\u00edch s\u00a0inventarizac\u00ed:<\/p>\n<ul>\n<li>Evidenci majetku a jeho spr\u00e1vn\u00e9m zat\u0159\u00edd\u011bn\u00ed a ocen\u011bn\u00edm.<\/li>\n<li>Za\u0159azov\u00e1n\u00ed majetku do u\u017e\u00edv\u00e1n\u00ed<\/li>\n<li>Vy\u0159azov\u00e1n\u00ed majetku a jeho likvidace<\/li>\n<li>Vyd\u00e1v\u00e1n\u00ed DDHM do spot\u0159eby<\/li>\n<li>Odepisov\u00e1n\u00ed majetku \u2013 zpracov\u00e1n\u00ed odpisov\u00e9ho pl\u00e1nu<\/li>\n<\/ul>\n<p>Prov\u00e1d\u00edme inventarizaci majetku \u0159\u00e1dnou p\u0159\u00edpadn\u011b i mimo\u0159\u00e1dnou. Inventarizuj\u00ed se ve\u0161ker\u00e1 aktiva i pasiva uveden\u00e1 v\u00a0rozvaze, tj.<\/p>\n<ul>\n<li>investi\u010dn\u00ed majetek hmotn\u00fd i nehmotn\u00fd<\/li>\n<li>finan\u010dn\u00ed investice<\/li>\n<li>z\u00e1soby<\/li>\n<li>pohled\u00e1vky, \u00fa\u010dty \u010dasov\u00e9ho rozli\u0161en\u00ed<\/li>\n<li>finan\u010dn\u00ed majetek<\/li>\n<li>z\u00e1vazky a ostatn\u00ed pasiva<\/li>\n<\/ul>\n<p>Inventarizace majetku se prov\u00e1d\u00ed v\u017edy jako fyzick\u00e1. V\u00a0p\u0159\u00edpadech, kdy nelze prov\u00e1d\u011bt fyzickou inventuru, prov\u00e1d\u00ed se inventura dokladov\u00e1.<\/p>\n<p>Ned\u00edlnou sou\u010d\u00e1st\u00ed fyzick\u00e9 inventury je i inventarizace majetku, kter\u00fd u\u017e\u00edvaj\u00ed p\u0159\u00edmo ur\u010den\u00ed zam\u011bstnanci (tj. majetek uveden\u00fd na osobn\u00edch kart\u00e1ch, a to i majetek zap\u016fj\u010den\u00fd zam\u011bstnanci k\u00a0pr\u00e1ci doma \u010di jinde mimo sjednan\u00e9 pracovi\u0161t\u011b \u2013 nap\u0159. po\u010d\u00edta\u010de, mobiln\u00ed telefony apod.).<\/p>\n<p>Sou\u010d\u00e1st\u00ed inventarizace je i inventarizace majetku ciz\u00edho veden\u00e9ho na podrozvahov\u00fdch \u00fa\u010dtech, p\u0159\u00edpadn\u011b majetku um\u00edst\u011bn\u00e9ho v\u00a0jin\u00fdch organizac\u00edch.<\/p>\n<h3>\u0158\u00edzen\u00ed investi\u010dn\u00edch projekt\u016f<\/h3>\n<p><strong>Na\u0161\u00ed p\u0159ednosti je \u0159\u00edzen\u00ed investi\u010dn\u00edch projekt\u016f.<\/strong><\/p>\n<p>Zab\u00fdv\u00e1me se vlastn\u00ed p\u0159\u00edpravou investi\u010dn\u00edch projekt\u016f a vedle toho i jejich realizac\u00ed. Jsme schopni zajistit projektovou p\u0159\u00edpravu, realizaci, samotn\u00fd provoz. Na p\u0159\u00e1n\u00ed z\u00e1kazn\u00edka jsme schopni realizovat i ukon\u010den\u00ed provozu a p\u0159\u00edpadnou likvidaci.<\/p>\n<p>Investi\u010dn\u00ed projekty \u0159\u00edd\u00edme pro subjekty z\u00a0\u0159ad ve\u0159ejn\u00e9ho sektoru tak i pro soukrom\u00e9 organizace.<\/p>\n<h3>Poradenstv\u00ed s\u00a0hospoda\u0159en\u00edm obc\u00ed a m\u011bst<\/h3>\n<ul>\n<li>Zab\u00fdv\u00e1me se poradenstv\u00edm v\u00a0oblasti rozpo\u010dtov\u00e9ho \u00fa\u010detnictv\u00ed a \u00fa\u010detnictv\u00edm p\u0159\u00edsp\u011bvkov\u00fdch organizac\u00ed.<\/li>\n<li>Prov\u00e1d\u00edme optimalizace n\u00e1klad\u016f, \u0159\u00edzen\u00ed investic a r pl\u00e1nov\u00e1n\u00edm rozvoje samospr\u00e1v<\/li>\n<li>Specializujeme se na \u0159\u00edzen\u00ed finan\u010dn\u00edch tok\u016f samospr\u00e1v.<\/li>\n<li>Prov\u00e1d\u00edme ekonomick\u00e9 anal\u00fdzy dopad\u016f \u010dinnost\u00ed samospr\u00e1v.<\/li>\n<li>Zpracov\u00e1v\u00e1me intern\u00ed metodiku a \u0159\u00edzen\u00ed intern\u00edch sm\u011brnic samospr\u00e1v.<\/li>\n<li>Prov\u00e1d\u00edme finan\u010dn\u00ed v\u00fdhledy a pl\u00e1ny samospr\u00e1v a jejich organizac\u00ed.<\/li>\n<li>Jsme schopni efektivn\u011b \u0159\u00eddit rozpo\u010det m\u011bsta, naj\u00edt \u00faspory a vytvo\u0159it p\u0159\u00edpadn\u00e9 rezervy rozpo\u010dtu.<\/li>\n<li>Sestavov\u00e1n\u00ed ro\u010dn\u00edch pl\u00e1n\u016f.<\/li>\n<li>Zaji\u0161t\u011bn\u00ed financov\u00e1n\u00ed municipalit.<\/li>\n<\/ul>\n<h3>Poradenstv\u00ed v\u00a0oblasti dotac\u00ed<\/h3>\n<p>Zab\u00fdv\u00e1me se poradenstv\u00ed v\u00a0oblasti z\u00edsk\u00e1v\u00e1n\u00ed dotac\u00ed z\u00a0evropsk\u00fdch fond\u016f, ale ze zdroj\u016f st\u00e1tn\u00edho rozpo\u010dtu. Prov\u00e1d\u00edme poradenstv\u00ed v\u00a0oblasti dotac\u00ed pro klienty z\u00a0\u0159ad ve\u0159ejn\u00e9ho sektoru v\u010detn\u011b samospr\u00e1vy, ale pro klienty ze soukrom\u00e9ho sektoru.<\/p>\n<p>&nbsp;<\/p>\n<ul>\n<li>Provedeme p\u0159edvstupn\u00ed anal\u00fdzu pro z\u00edsk\u00e1n\u00ed vhodn\u00e9ho dota\u010dn\u00edho titulu<\/li>\n<li>Zpracujeme pro V\u00e1s projektovou \u017e\u00e1dost \u010di \u017e\u00e1dost o dotaci. Zajist\u00edme ve\u0161kerou pot\u0159ebnou dokumentaci.<\/li>\n<li>Zajist\u00edme administraci projektu v\u010detn\u011b projektov\u00e9 \u017e\u00e1dosti.<\/li>\n<li>Pom\u016f\u017eeme se realizac\u00ed dotace, v\u010detn\u011b dodr\u017een v\u0161ech dota\u010dn\u00edch podm\u00ednek.<\/li>\n<li>Pom\u016f\u017eeme se zaji\u0161t\u011bn\u00edm finan\u010dn\u00edch prost\u0159edk\u016f na p\u0159\u00edpadnou spolu\u00fa\u010dast \u010di p\u0159edfinancov\u00e1n\u00ed projekt\u016f.<\/li>\n<li>Monitorujeme celkov\u00fd pr\u016fb\u011bh dota\u010dn\u00edho projektu.<\/li>\n<li>Zab\u00fdv\u00e1me se i zpracov\u00e1n\u00edm \u017e\u00e1dost\u00ed v\u00a0r\u00e1mci pob\u00eddek ze st\u00e1tn\u00edho rozpo\u010dtu, resp. ze strany Czech investu.<\/li>\n<\/ul>[\/et_pb_text][\/et_pb_column][\/et_pb_row][\/et_pb_section][et_pb_section fb_built=&#8220;1&#8243; _builder_version=&#8220;4.18.0&#8243; _module_preset=&#8220;default&#8220; background_image=&#8220;https:\/\/consulting2008.cz\/wp-content\/uploads\/2022\/10\/krajina.jpg&#8220; custom_padding=&#8220;8px|||||&#8220; global_colors_info=&#8220;{}&#8220;][et_pb_row _builder_version=&#8220;4.18.0&#8243; _module_preset=&#8220;default&#8220; global_colors_info=&#8220;{}&#8220;][et_pb_column type=&#8220;4_4&#8243; _builder_version=&#8220;4.18.0&#8243; _module_preset=&#8220;default&#8220; global_colors_info=&#8220;{}&#8220;][et_pb_text _builder_version=&#8220;4.18.0&#8243; _module_preset=&#8220;default&#8220; header_2_font=&#8220;|300|||||||&#8220; header_2_text_align=&#8220;center&#8220; header_2_text_color=&#8220;#FFFFFF&#8220; header_2_font_size=&#8220;51px&#8220; header_2_line_height=&#8220;1.4em&#8220; global_colors_info=&#8220;{}&#8220;]<h2>Pro koho jsou na\u0161e slu\u017eby vhodn\u00e9?<\/h2>[\/et_pb_text][\/et_pb_column][\/et_pb_row][et_pb_row column_structure=&#8220;1_2,1_2&#8243; _builder_version=&#8220;4.18.0&#8243; _module_preset=&#8220;default&#8220; locked=&#8220;off&#8220; global_colors_info=&#8220;{}&#8220;][et_pb_column type=&#8220;1_2&#8243; _builder_version=&#8220;4.18.0&#8243; _module_preset=&#8220;default&#8220; global_colors_info=&#8220;{}&#8220;][\/et_pb_column][et_pb_column type=&#8220;1_2&#8243; _builder_version=&#8220;4.18.0&#8243; _module_preset=&#8220;default&#8220; global_colors_info=&#8220;{}&#8220;][et_pb_text _builder_version=&#8220;4.18.0&#8243; _module_preset=&#8220;default&#8220; text_text_color=&#8220;#FFFFFF&#8220; hover_enabled=&#8220;0&#8243; global_colors_info=&#8220;{}&#8220; sticky_enabled=&#8220;0&#8243;]<p>Pracujeme pro celou \u0161k\u00e1lu z\u00e1kazn\u00edk\u016f z \u0159ad st\u00e1tn\u00ed spr\u00e1vy, samospr\u00e1vy i soukrom\u00fdch spole\u010dnost\u00ed. Zejm\u00e9na m\u011bst\u016fm a obc\u00edm \u010dasto pom\u016f\u017eeme otev\u0159\u00edt zcela nov\u00e9 mo\u017enosti\u00a0 v oblasti rozvoje.<\/p>\n<p><a href=\"https:\/\/consulting2008.cz\/?page_id=135\"><img loading=\"lazy\" decoding=\"async\" src=\"https:\/\/consulting2008.cz\/wp-content\/uploads\/2022\/10\/vase-poptavka.png\" width=\"268\" height=\"91\" alt=\"\" class=\"wp-image-94 alignnone size-full\" \/><\/a><\/p>[\/et_pb_text][\/et_pb_column][\/et_pb_row][\/et_pb_section]<!-- \/wp:freeform -->","protected":false},"excerpt":{"rendered":"<p>\u00a0Na\u0161e slu\u017eby detailn\u011b Pro\u010d pr\u00e1v\u011b na\u0161e slu\u017eby? Prohl\u00e9dn\u011bte si reference. Slu\u017eby Procesn\u00ed \u0159\u00edzen\u00ed Spole\u010dnost je orientovan\u00e1 na \u0159\u00edzen\u00ed jednotliv\u00fdch projekt\u016f organizace. \u00a0C\u00edlem je efektivn\u011b \u0159\u00eddit \u010dinnosti organizace \u010di jednotliv\u00fdch projekt\u016f. C\u00edlem je p\u0159edev\u0161\u00edm sni\u017eovat n\u00e1klady organizace, eliminovat p\u0159\u00edpadn\u00e1 rizika a hledat nov\u00e9 p\u0159\u00edle\u017eitosti. Postupy realizace Anal\u00fdza organizace za \u00fa\u010delem zji\u0161t\u011bn\u00ed \u010dinnost\u00ed a chodu organizace, Management [&hellip;]<\/p>\n","protected":false},"author":1,"featured_media":0,"parent":0,"menu_order":0,"comment_status":"closed","ping_status":"closed","template":"","meta":{"_et_pb_use_builder":"on","_et_pb_old_content":"","_et_gb_content_width":"","footnotes":""},"class_list":["post-127","page","type-page","status-publish","hentry"],"_links":{"self":[{"href":"https:\/\/consulting2008.cz\/index.php?rest_route=\/wp\/v2\/pages\/127","targetHints":{"allow":["GET"]}}],"collection":[{"href":"https:\/\/consulting2008.cz\/index.php?rest_route=\/wp\/v2\/pages"}],"about":[{"href":"https:\/\/consulting2008.cz\/index.php?rest_route=\/wp\/v2\/types\/page"}],"author":[{"embeddable":true,"href":"https:\/\/consulting2008.cz\/index.php?rest_route=\/wp\/v2\/users\/1"}],"replies":[{"embeddable":true,"href":"https:\/\/consulting2008.cz\/index.php?rest_route=%2Fwp%2Fv2%2Fcomments&post=127"}],"version-history":[{"count":19,"href":"https:\/\/consulting2008.cz\/index.php?rest_route=\/wp\/v2\/pages\/127\/revisions"}],"predecessor-version":[{"id":248,"href":"https:\/\/consulting2008.cz\/index.php?rest_route=\/wp\/v2\/pages\/127\/revisions\/248"}],"wp:attachment":[{"href":"https:\/\/consulting2008.cz\/index.php?rest_route=%2Fwp%2Fv2%2Fmedia&parent=127"}],"curies":[{"name":"wp","href":"https:\/\/api.w.org\/{rel}","templated":true}]}}