{"id":106,"date":"2022-10-24T10:02:05","date_gmt":"2022-10-24T10:02:05","guid":{"rendered":"https:\/\/consulting2008.cz\/?page_id=106"},"modified":"2022-10-25T21:01:33","modified_gmt":"2022-10-25T21:01:33","slug":"o-nas","status":"publish","type":"page","link":"https:\/\/consulting2008.cz\/?page_id=106","title":{"rendered":"O N\u00c1S"},"content":{"rendered":"[et_pb_section fb_built=&#8220;1&#8243; admin_label=&#8220;section&#8220; _builder_version=&#8220;4.18.0&#8243; background_image=&#8220;https:\/\/consulting2008.cz\/wp-content\/uploads\/2022\/10\/porta-bohemica-mensi.jpg&#8220; background_size=&#8220;initial&#8220; background_position=&#8220;top_center&#8220; global_colors_info=&#8220;{}&#8220;][et_pb_row column_structure=&#8220;1_3,1_3,1_3&#8243; use_custom_gutter=&#8220;on&#8220; make_equal=&#8220;on&#8220; admin_label=&#8220;row&#8220; _builder_version=&#8220;4.18.0&#8243; background_size=&#8220;initial&#8220; background_position=&#8220;top_left&#8220; background_repeat=&#8220;repeat&#8220; custom_margin=&#8220;-34px|auto||auto|false|false&#8220; global_colors_info=&#8220;{}&#8220;][et_pb_column type=&#8220;1_3&#8243; _builder_version=&#8220;4.16&#8243; custom_padding=&#8220;|||&#8220; global_colors_info=&#8220;{}&#8220; custom_padding__hover=&#8220;|||&#8220;][et_pb_text admin_label=&#8220;Text&#8220; _builder_version=&#8220;4.18.0&#8243; text_font=&#8220;|800|||||||&#8220; text_text_color=&#8220;#FFFFFF&#8220; text_font_size=&#8220;26px&#8220; text_line_height=&#8220;1em&#8220; background_color=&#8220;#17438c&#8220; background_size=&#8220;initial&#8220; background_position=&#8220;top_left&#8220; background_repeat=&#8220;repeat&#8220; text_orientation=&#8220;center&#8220; custom_margin=&#8220;0px|0px|0px|0px|false|false&#8220; custom_padding=&#8220;30px|20px|15px|20px|false|false&#8220; hover_enabled=&#8220;0&#8243; global_colors_info=&#8220;{}&#8220; link_option_url=&#8220;https:\/\/consulting2008.cz\/?page_id=127&#8243; sticky_enabled=&#8220;0&#8243;]Na\u0161e slu\u017eby detailn\u011b\n\n[\/et_pb_text][\/et_pb_column][et_pb_column type=&#8220;1_3&#8243; _builder_version=&#8220;4.16&#8243; custom_padding=&#8220;|||&#8220; global_colors_info=&#8220;{}&#8220; custom_padding__hover=&#8220;|||&#8220;][et_pb_text admin_label=&#8220;Text&#8220; _builder_version=&#8220;4.18.0&#8243; text_font=&#8220;|800|||||||&#8220; text_text_color=&#8220;#FFFFFF&#8220; text_font_size=&#8220;26px&#8220; text_line_height=&#8220;1em&#8220; background_color=&#8220;#23decb&#8220; background_size=&#8220;initial&#8220; background_position=&#8220;top_left&#8220; background_repeat=&#8220;repeat&#8220; text_orientation=&#8220;center&#8220; custom_margin=&#8220;0px|0px|0px|0px|false|false&#8220; custom_padding=&#8220;30px|20px|15px|20px|false|false&#8220; locked=&#8220;off&#8220; global_colors_info=&#8220;{}&#8220;]<p>Pro\u010d pr\u00e1v\u011b na\u0161e slu\u017eby?<\/p>\n<p><!-- \/wp:post-content --><\/p>[\/et_pb_text][\/et_pb_column][et_pb_column type=&#8220;1_3&#8243; _builder_version=&#8220;4.16&#8243; custom_padding=&#8220;|||&#8220; global_colors_info=&#8220;{}&#8220; custom_padding__hover=&#8220;|||&#8220;][et_pb_text admin_label=&#8220;Text&#8220; _builder_version=&#8220;4.18.0&#8243; text_font=&#8220;|800|||||||&#8220; text_text_color=&#8220;#FFFFFF&#8220; text_font_size=&#8220;26px&#8220; text_line_height=&#8220;1em&#8220; background_color=&#8220;#606663&#8243; background_size=&#8220;initial&#8220; background_position=&#8220;top_left&#8220; background_repeat=&#8220;repeat&#8220; text_orientation=&#8220;center&#8220; custom_margin=&#8220;0px|0px|0px|0px|false|false&#8220; custom_padding=&#8220;30px|20px|15px|20px|false|false&#8220; hover_enabled=&#8220;0&#8243; locked=&#8220;off&#8220; global_colors_info=&#8220;{}&#8220; link_option_url=&#8220;https:\/\/consulting2008.cz\/?page_id=131&#8243; sticky_enabled=&#8220;0&#8243;]<p>Prohl\u00e9dn\u011bte si reference.<\/p>\n<p><!-- \/wp:paragraph --><\/p>[\/et_pb_text][\/et_pb_column][\/et_pb_row][et_pb_row _builder_version=&#8220;4.18.0&#8243; _module_preset=&#8220;default&#8220; global_colors_info=&#8220;{}&#8220;][et_pb_column type=&#8220;4_4&#8243; _builder_version=&#8220;4.18.0&#8243; _module_preset=&#8220;default&#8220; global_colors_info=&#8220;{}&#8220;][et_pb_text _builder_version=&#8220;4.18.0&#8243; _module_preset=&#8220;default&#8220; text_font=&#8220;||||||||&#8220; text_text_color=&#8220;#666666&#8243; header_2_font=&#8220;|300|||||||&#8220; header_2_text_color=&#8220;#666666&#8243; header_2_font_size=&#8220;51px&#8220; header_2_line_height=&#8220;1.6em&#8220; text_orientation=&#8220;center&#8220; min_height=&#8220;133px&#8220; hover_enabled=&#8220;0&#8243; global_colors_info=&#8220;{}&#8220; sticky_enabled=&#8220;0&#8243;]<h2>O n\u00e1s<\/h2>\n<p>Ing. Jind\u0159ich Nov\u00e1k, MBA \u2013 majitel spole\u010dnosti<\/p>\n<p><img loading=\"lazy\" decoding=\"async\" src=\"https:\/\/consulting2008.cz\/wp-content\/uploads\/2022\/10\/portret-240x300.jpg\" width=\"240\" height=\"300\" alt=\"Ing. Jind\u0159ich Nov\u00e1k, MBA \" class=\"wp-image-249 alignnone size-medium\" srcset=\"https:\/\/consulting2008.cz\/wp-content\/uploads\/2022\/10\/portret-240x300.jpg 240w, https:\/\/consulting2008.cz\/wp-content\/uploads\/2022\/10\/portret.jpg 277w\" sizes=\"auto, (max-width: 240px) 100vw, 240px\" \/><\/p>[\/et_pb_text][\/et_pb_column][\/et_pb_row][et_pb_row column_structure=&#8220;1_2,1_2&#8243; _builder_version=&#8220;4.18.0&#8243; _module_preset=&#8220;default&#8220; hover_enabled=&#8220;0&#8243; locked=&#8220;off&#8220; global_colors_info=&#8220;{}&#8220; sticky_enabled=&#8220;0&#8243;][et_pb_column type=&#8220;1_2&#8243; _builder_version=&#8220;4.18.0&#8243; _module_preset=&#8220;default&#8220; global_colors_info=&#8220;{}&#8220;][et_pb_text _builder_version=&#8220;4.18.0&#8243; _module_preset=&#8220;default&#8220; text_font=&#8220;||||||||&#8220; text_text_color=&#8220;#666666&#8243; header_2_font=&#8220;|300|||||||&#8220; header_2_text_color=&#8220;#666666&#8243; header_2_font_size=&#8220;51px&#8220; header_2_line_height=&#8220;1.6em&#8220; min_height=&#8220;133px&#8220; custom_padding=&#8220;|10px|||false|false&#8220; hover_enabled=&#8220;0&#8243; global_colors_info=&#8220;{}&#8220; header_3_text_color=&#8220;#23decb&#8220; header_3_font_size=&#8220;51px&#8220; header_3_font=&#8220;|300|||||||&#8220; sticky_enabled=&#8220;0&#8243; header_3_line_height=&#8220;1.7em&#8220;]<h3>M\u00e1 kvalifikace:<\/h3>\n<ul>\n<li><strong>Vysok\u00e1 \u0161kola ekonomie a managmentu: Obor: Magistersk\u00e9 studium podnikov\u00e9 ekonomiky \u2013 ukon\u010deno 2005, titul MBA<\/strong><\/li>\n<li><strong>Vysok\u00e1 \u0161kola finan\u010dn\u00ed a spr\u00e1vn\u00ed: Obor: Magistersk\u00e9 studium Hospod\u00e1\u0159sk\u00e9 politiky \u2013 specializace Ve\u0159ejn\u00e1 spr\u00e1va a Evropsk\u00e1 unie, titul Ing.<\/strong><\/li>\n<li><strong>Vysok\u00e1 \u0161kola ekonomie a managmentu: Obor: Bakal\u00e1\u0159sk\u00e9 studium \u2013 specializace Ve\u0159ejn\u00e1 spr\u00e1va a Evropsk\u00e1 unie, titul Bc.<\/strong><\/li>\n<li><strong>St\u0159edn\u00ed ekonomick\u00e1 \u0161kola, Pa\u0159\u00ed\u017esk\u00e1 ul., \u00dast\u00ed nad Labem, Obor: V\u0161eobecn\u00e1 ekonomika, maturita 1992<\/strong><\/li>\n<li><strong>Brandon College, USA San Francisco<\/strong><\/li>\n<\/ul>\n<h3>M\u00e1 pracovn\u00ed historie:<\/h3>\n<p><strong>Grantov\u00e1 agentura \u010cesk\u00e9 republiky, Praha 6<\/strong><\/p>\n<ul>\n<li>Z\u00e1stupce \u0159editele, Vedouc\u00ed sekce ekonomick\u00e9 a provozn\u00ed<\/li>\n<li>\u0158\u00edzen\u00ed sekce<\/li>\n<li>Spr\u00e1va rozpo\u010dtu a poskytov\u00e1n\u00ed grant\u016f<\/li>\n<li>Veden\u00ed \u00fa\u010detnictv\u00ed organiza\u010dn\u00ed slo\u017eky st\u00e1tu<\/li>\n<li>Optimalizace n\u00e1klad\u016f, investice a rozvoje organizace<\/li>\n<li>\u0158\u00edzen\u00ed finan\u010dn\u00edch tok\u016f a controlling<\/li>\n<li>Ekonomick\u00e9 rozbory a p\u0159ehledy jednotliv\u00fdch \u010dinnost\u00ed<\/li>\n<li>Zpracov\u00e1n\u00ed metodiky v r\u00e1mci \u010dinnosti organizace<\/li>\n<li>Metodick\u00e9 \u0159\u00edzen\u00ed ve spolupr\u00e1ci s MF<\/li>\n<li>\u0158\u00edzen\u00ed pod\u0159\u00edzen\u00fdch<\/li>\n<\/ul>\n<p><strong>Ministerstvo dopravy \u010cR<\/strong><\/p>\n<ul>\n<li>Odborn\u00fd poradce n\u00e1m\u011bstka Ministra dopravy v sekci zahrani\u010dn\u00edch vztah\u016f a dru\u017eicov\u00fdch syst\u00e9m\u016f<\/li>\n<li>Finan\u010dn\u00ed a projektov\u00fd mana\u017eer \u2013 \u0159\u00edzen\u00ed finan\u010dn\u00edch tok\u016f<\/li>\n<li>Projekov\u00e9 \u0159\u00edzen\u00ed &#8211; vyjedn\u00e1v\u00e1n\u00ed o st\u011bhov\u00e1n\u00ed Evropsk\u00e9 vesm\u00edrn\u00e9 agentury GSA z Bruselu do Prahy (projekt \u201eGALILEO\u201c)<\/li>\n<li>P\u0159\u00edprava Hostitelsk\u00e9 a n\u00e1jemn\u00ed smlouvy pro agenturu GSA<\/li>\n<li>Expertn\u00ed posouzen\u00ed a p\u0159\u00edprava podklad\u016f v jednotliv\u00fdch oblastech<\/li>\n<li>Koordinace jednotliv\u00fdch org\u00e1n\u016f na \u010desk\u00e9 stran\u011b v\u010detn\u011b \u00fazk\u00e9 spolupr\u00e1ce se St\u00e1l\u00fdm zastoupen\u00edm \u010cR v Bruselu;<\/li>\n<li>P\u0159\u00edprava rekonstrukce budovy dle po\u017eadavk\u016f GSA<\/li>\n<li>\u0158\u00edzen\u00ed projektov\u00e9ho t\u00fdmu<\/li>\n<\/ul>\n<p><strong>Fond dal\u0161\u00edho vzd\u011bl\u00e1v\u00e1n\u00ed (st\u00e1tn\u00ed p\u0159\u00edsp\u011bvkov\u00e1 organizace MPSV), Praha <\/strong><\/p>\n<ul>\n<li>Vedouc\u00ed ekonomick\u00e9ho odboru \u2013 fina\u010dn\u00ed mana\u017eer<\/li>\n<li>\u0158\u00edzen\u00ed a spr\u00e1va rozpo\u010dtu<\/li>\n<li>\u010cerp\u00e1n\u00ed dotac\u00ed ze struktur\u00e1ln\u00edch fond\u016f OPLZZ a OPVK<\/li>\n<li>Veden\u00ed \u00fa\u010detnictv\u00ed p\u0159\u00edsp\u011bvkov\u00e9 organizace<\/li>\n<li>Optimalizace n\u00e1klad\u016f, investice a rozvoje organizace<\/li>\n<li>\u0158\u00edzen\u00ed finan\u010dn\u00edch tok\u016f, controling a spolupr\u00e1ce s da\u0148.poradci<\/li>\n<li>Ekonomick\u00e9 rozbory a p\u0159ehledy jednotliv\u00fdch \u010dinnost\u00ed<\/li>\n<li>Zpracov\u00e1n\u00ed metodiky v r\u00e1mci \u010dinnosti organizace<\/li>\n<li>Metodick\u00e9 \u0159\u00edzen\u00ed ve spolupr\u00e1ci s MPSV<\/li>\n<li>Person\u00e1ln\u00ed \u0159\u00edzen\u00ed<\/li>\n<\/ul>[\/et_pb_text][\/et_pb_column][et_pb_column type=&#8220;1_2&#8243; _builder_version=&#8220;4.18.0&#8243; _module_preset=&#8220;default&#8220; global_colors_info=&#8220;{}&#8220;][et_pb_text _builder_version=&#8220;4.18.0&#8243; _module_preset=&#8220;default&#8220; text_font=&#8220;||||||||&#8220; text_text_color=&#8220;#666666&#8243; header_2_font=&#8220;|300|||||||&#8220; header_2_text_color=&#8220;#666666&#8243; header_2_font_size=&#8220;51px&#8220; header_2_line_height=&#8220;1.6em&#8220; min_height=&#8220;133px&#8220; custom_padding=&#8220;|||20px|false|false&#8220; hover_enabled=&#8220;0&#8243; locked=&#8220;off&#8220; global_colors_info=&#8220;{}&#8220; sticky_enabled=&#8220;0&#8243;]<p><strong>\u00da\u0159ad vl\u00e1dy \u010cR<\/strong><\/p>\n<ul>\n<li>Odborn\u00fd pracovn\u00edk v sekci pro p\u0159edsednictv\u00ed \u010cR v Rad\u011b EU<\/li>\n<li>Finan\u010dn\u00ed mana\u017eer<\/li>\n<li>Veden\u00ed \u00fa\u010detnictv\u00ed a likvidace \u00fa\u010detn\u00edch doklad\u016f<\/li>\n<li>Optimalizace n\u00e1klad\u016f, vyhodnocov\u00e1n\u00ed efektivity<\/li>\n<li>Zaji\u0161\u0165ov\u00e1n\u00ed ve\u0159ejn\u00fdch zak\u00e1zek<\/li>\n<li>Hospoda\u0159en\u00ed s majetkem a jeho evidence<\/li>\n<li>\u00dazk\u00e1 spolupr\u00e1ce se St\u00e1l\u00fdm zastoupen\u00edm \u010cR v Bruselu a s Radou EU<\/li>\n<li>Tvorba ekonomick\u00fdch anal\u00fdz, p\u0159\u00edprava materi\u00e1l\u016f pro jedn\u00e1n\u00ed vl\u00e1dy<\/li>\n<li>Aktivn\u00ed zapojen\u00ed do komunika\u010dn\u00edch aktivit a PR kampan\u011b<\/li>\n<li>\u0158\u00edzen\u00ed pod\u0159\u00edzen\u00fdch<\/li>\n<\/ul>\n<p><strong>M\u011bstsk\u00fd \u00fa\u0159ad Lovosice, \u0160koln\u00ed 2<\/strong><\/p>\n<ul>\n<li>Vedouc\u00ed ekonomick\u00e9ho odboru v obci III.typu pov\u011b\u0159en\u00e9 v\u00fdkonem st\u00e1tn\u00ed spr\u00e1vy<\/li>\n<li>\u0158\u00edzen\u00ed odboru<\/li>\n<li>\u0158\u00edzen\u00ed a spr\u00e1va rozpo\u010dtu m\u011bsta \u2013 cca 300 mil. K\u010d<\/li>\n<li>Veden\u00ed \u00fa\u010detnictv\u00ed m\u011bsta \u2013 rozpo\u010dtov\u00e9 \u00fa\u010detnictv\u00ed, \u00fa\u010detnictv\u00ed p\u0159\u00edsp\u011bvkov\u00fdch organizac\u00ed<\/li>\n<li>Optimalizace n\u00e1klad\u016f, investice a rozvoje m\u011bsta<\/li>\n<li>\u0158\u00edzen\u00ed finan\u010dn\u00edch tok\u016f, controling a spolupr\u00e1ce s da\u0148.poradci<\/li>\n<li>Ekonomick\u00e9 rozbory a p\u0159ehledy jednotliv\u00fdch \u010dinnost\u00ed m\u011bsta<\/li>\n<li>Zaji\u0161\u0165ov\u00e1n\u00ed dotac\u00ed ze SR a Evropsk\u00e9 unie<\/li>\n<li>Pod\u00edlen\u00ed se na auditu hospoda\u0159en\u00ed m\u011bsta<\/li>\n<li>Zpracov\u00e1n\u00ed metodiky v r\u00e1mci \u010dinnost\u00ed m\u011bsta<\/li>\n<li>P\u0159\u00edprava ro\u010dn\u00edch finan\u010dn\u00edch pl\u00e1nu v r\u00e1mci cel\u00e9ho m\u011bsta a jeho organizac\u00ed<\/li>\n<\/ul>\n<p><strong>Konpo, s.r.o., Praha 1 (dce\u0159in\u00e1 spole\u010dnost Konsolida\u010dn\u00ed banky)<\/strong><\/p>\n<ul>\n<li>Doba p\u016fsoben\u00ed 11\/2000\u20138\/2003<\/li>\n<li>Spr\u00e1va nedobytn\u00fdch \u00fav\u011br\u016f, finan\u010dn\u00edch pohled\u00e1vek a jejich realizace<\/li>\n<li>\u0158\u00edzen\u00ed rizikov\u00fdch \u00fav\u011br\u016f<\/li>\n<\/ul>\n<p><strong>\u010cesk\u00e1 finan\u010dn\u00ed, s.r.o., Praha 1(dce\u0159in\u00e1 spole\u010dnost \u010cNB)<\/strong><\/p>\n<ul>\n<li>Doba p\u016fsoben\u00ed \u2013 9\/1999\u201310\/2000<\/li>\n<li>Spr\u00e1va finan\u010dn\u00edch pohled\u00e1vek, realizace individu\u00e1ln\u00edho, komplexn\u00ed \u0159e\u0161en\u00ed rizikov\u00fdch \u00fav\u011br\u016f s posuzov\u00e1n\u00edm pr\u00e1vn\u00edho stavu<\/li>\n<\/ul>\n<p><strong>\u010cesk\u00e1 n\u00e1rodn\u00ed banka, Na P\u0159\u00edkop\u011b 28, Praha 1<\/strong><\/p>\n<ul>\n<li>Doba p\u016fsoben\u00ed 9\/1992\u20138\/1999<\/li>\n<li>Bankovn\u00ed a devizov\u00fd dohled,<\/li>\n<li>Komer\u010dn\u00ed pracovn\u00edk, \u00fav\u011brov\u00e1 \u010dinnost<\/li>\n<\/ul>\n<p><a href=\"https:\/\/consulting2008.cz\/?page_id=135\"><img loading=\"lazy\" decoding=\"async\" src=\"https:\/\/consulting2008.cz\/wp-content\/uploads\/2022\/10\/tlacitko-zivotopis-1.png\" width=\"347\" height=\"91\" alt=\"\" class=\"wp-image-267 alignnone size-full\" srcset=\"https:\/\/consulting2008.cz\/wp-content\/uploads\/2022\/10\/tlacitko-zivotopis-1.png 347w, https:\/\/consulting2008.cz\/wp-content\/uploads\/2022\/10\/tlacitko-zivotopis-1-300x79.png 300w\" sizes=\"auto, (max-width: 347px) 100vw, 347px\" \/><\/a><\/p>[\/et_pb_text][\/et_pb_column][\/et_pb_row][\/et_pb_section][et_pb_section fb_built=&#8220;1&#8243; _builder_version=&#8220;4.18.0&#8243; _module_preset=&#8220;default&#8220; background_image=&#8220;https:\/\/consulting2008.cz\/wp-content\/uploads\/2022\/10\/lipa.jpg&#8220; custom_padding=&#8220;8px|||||&#8220; global_colors_info=&#8220;{}&#8220;][et_pb_row _builder_version=&#8220;4.18.0&#8243; _module_preset=&#8220;default&#8220; global_colors_info=&#8220;{}&#8220;][et_pb_column type=&#8220;4_4&#8243; _builder_version=&#8220;4.18.0&#8243; _module_preset=&#8220;default&#8220; global_colors_info=&#8220;{}&#8220;][et_pb_text _builder_version=&#8220;4.18.0&#8243; _module_preset=&#8220;default&#8220; header_2_font=&#8220;|300|||||||&#8220; header_2_text_align=&#8220;center&#8220; header_2_text_color=&#8220;#FFFFFF&#8220; header_2_font_size=&#8220;51px&#8220; header_2_line_height=&#8220;1.4em&#8220; global_colors_info=&#8220;{}&#8220;]<h2>Odbornost jako p\u0159edpoklad \u00fasp\u011bchu.<\/h2>[\/et_pb_text][\/et_pb_column][\/et_pb_row][et_pb_row column_structure=&#8220;1_2,1_2&#8243; _builder_version=&#8220;4.18.0&#8243; _module_preset=&#8220;default&#8220; locked=&#8220;off&#8220; global_colors_info=&#8220;{}&#8220;][et_pb_column type=&#8220;1_2&#8243; _builder_version=&#8220;4.18.0&#8243; _module_preset=&#8220;default&#8220; global_colors_info=&#8220;{}&#8220;][\/et_pb_column][et_pb_column type=&#8220;1_2&#8243; _builder_version=&#8220;4.18.0&#8243; _module_preset=&#8220;default&#8220; global_colors_info=&#8220;{}&#8220;][et_pb_text _builder_version=&#8220;4.18.0&#8243; _module_preset=&#8220;default&#8220; text_text_color=&#8220;#FFFFFF&#8220; hover_enabled=&#8220;0&#8243; global_colors_info=&#8220;{}&#8220; sticky_enabled=&#8220;0&#8243;]<p>V\u00edme co d\u011bl\u00e1me! Praktick\u00e9 zku\u0161enosti nelze ni\u010d\u00edm nahradit. M\u00e1m dlouholetou praxi v oblasti st\u00e1tn\u00ed spr\u00e1vy, samospr\u00e1vy i soukrom\u00e9 sf\u00e9ry. Navrhujeme \u0159e\u0161en\u00ed kter\u00e1 funguj\u00ed, p\u0159edch\u00e1z\u00edme probl\u00e9m\u016fm a ztr\u00e1t\u00e1m.<\/p>\n<p>P\u0159in\u00e1\u0161\u00edme V\u00e1m jistotu.<\/p>[\/et_pb_text][\/et_pb_column][\/et_pb_row][\/et_pb_section]<!-- \/wp:freeform -->","protected":false},"excerpt":{"rendered":"<p>Na\u0161e slu\u017eby detailn\u011b Pro\u010d pr\u00e1v\u011b na\u0161e slu\u017eby? Prohl\u00e9dn\u011bte si reference. O n\u00e1s Ing. Jind\u0159ich Nov\u00e1k, MBA \u2013 majitel spole\u010dnosti M\u00e1 kvalifikace: Vysok\u00e1 \u0161kola ekonomie a managmentu: Obor: Magistersk\u00e9 studium podnikov\u00e9 ekonomiky \u2013 ukon\u010deno 2005, titul MBA Vysok\u00e1 \u0161kola finan\u010dn\u00ed a spr\u00e1vn\u00ed: Obor: Magistersk\u00e9 studium Hospod\u00e1\u0159sk\u00e9 politiky \u2013 specializace Ve\u0159ejn\u00e1 spr\u00e1va a Evropsk\u00e1 unie, titul Ing. [&hellip;]<\/p>\n","protected":false},"author":1,"featured_media":0,"parent":0,"menu_order":0,"comment_status":"closed","ping_status":"closed","template":"","meta":{"_et_pb_use_builder":"on","_et_pb_old_content":"","_et_gb_content_width":"","footnotes":""},"class_list":["post-106","page","type-page","status-publish","hentry"],"_links":{"self":[{"href":"https:\/\/consulting2008.cz\/index.php?rest_route=\/wp\/v2\/pages\/106","targetHints":{"allow":["GET"]}}],"collection":[{"href":"https:\/\/consulting2008.cz\/index.php?rest_route=\/wp\/v2\/pages"}],"about":[{"href":"https:\/\/consulting2008.cz\/index.php?rest_route=\/wp\/v2\/types\/page"}],"author":[{"embeddable":true,"href":"https:\/\/consulting2008.cz\/index.php?rest_route=\/wp\/v2\/users\/1"}],"replies":[{"embeddable":true,"href":"https:\/\/consulting2008.cz\/index.php?rest_route=%2Fwp%2Fv2%2Fcomments&post=106"}],"version-history":[{"count":41,"href":"https:\/\/consulting2008.cz\/index.php?rest_route=\/wp\/v2\/pages\/106\/revisions"}],"predecessor-version":[{"id":269,"href":"https:\/\/consulting2008.cz\/index.php?rest_route=\/wp\/v2\/pages\/106\/revisions\/269"}],"wp:attachment":[{"href":"https:\/\/consulting2008.cz\/index.php?rest_route=%2Fwp%2Fv2%2Fmedia&parent=106"}],"curies":[{"name":"wp","href":"https:\/\/api.w.org\/{rel}","templated":true}]}}